{"id":294,"date":"2025-10-15T13:45:34","date_gmt":"2025-10-15T13:45:34","guid":{"rendered":"https:\/\/transporteslopezortega.com\/services\/"},"modified":"2025-10-15T14:13:22","modified_gmt":"2025-10-15T14:13:22","slug":"servicios","status":"publish","type":"page","link":"https:\/\/transporteslopezortega.com\/en\/servicios\/","title":{"rendered":"Services"},"content":{"rendered":"<div class=\"wp-block-uagb-container uagb-block-1e5d1737 alignfull uagb-is-root-container\"><div class=\"uagb-container-inner-blocks-wrap\">\n<div class=\"wp-block-uagb-advanced-heading uagb-block-fefbb553\"><p class=\"uagb-desc-text\">Services<\/p><h1 class=\"uagb-heading-text\">Tailor-made goods transport<\/h1><\/div>\n<\/div><\/div>\n\n\n\n<div class=\"wp-block-uagb-container uagb-block-4062d932 alignfull uagb-is-root-container\"><div class=\"uagb-container-inner-blocks-wrap\">\n<div class=\"wp-block-uagb-container uagb-block-188bf86b\">\n<div class=\"wp-block-uagb-image alignright uagb-block-a74814ac wp-block-uagb-image--layout-default wp-block-uagb-image--effect-static wp-block-uagb-image--align-right\"><figure class=\"wp-block-uagb-image__figure\"><img loading=\"lazy\" decoding=\"async\" srcset=\"https:\/\/transporteslopezortega.com\/wp-content\/uploads\/2025\/10\/pexels-photo-34240236.jpeg ,https:\/\/transporteslopezortega.com\/wp-content\/uploads\/2025\/10\/pexels-photo-34240236.jpeg 780w, https:\/\/transporteslopezortega.com\/wp-content\/uploads\/2025\/10\/pexels-photo-34240236.jpeg 360w\" sizes=\"auto, (max-width: 480px) 150px\" src=\"https:\/\/transporteslopezortega.com\/wp-content\/uploads\/2025\/10\/pexels-photo-34240236.jpeg\" alt=\"\" class=\"uag-image-26\" width=\"200\" height=\"150\" title=\"services-06\" role=\"img\"\/><\/figure><\/div>\n<\/div>\n\n\n\n<div class=\"wp-block-uagb-container uagb-block-58485396\">\n<div class=\"wp-block-uagb-info-box uagb-block-3ff6f0b3 uagb-infobox__content-wrap  uagb-infobox-icon-above-title uagb-infobox-image-valign-top\"><div class=\"uagb-ifb-content\"><div class=\"uagb-ifb-title-wrap\"><p class=\"uagb-ifb-title-prefix\">01<\/p><h2 class=\"uagb-ifb-title\">National Transport<\/h2><\/div><p class=\"uagb-ifb-desc\">We offer a national transport service that guarantees the punctual and safe delivery of goods to any point in Spain, adapting to the specific needs of each client.<\/p><\/div><\/div>\n<\/div>\n<\/div><\/div>\n\n\n\n<div class=\"wp-block-uagb-container uagb-block-05e5b2eb alignfull uagb-is-root-container\"><div class=\"uagb-container-inner-blocks-wrap\">\n<div class=\"wp-block-uagb-container uagb-block-755ea4d6\">\n<div class=\"wp-block-uagb-info-box uagb-block-bcb052f7 uagb-infobox__content-wrap  uagb-infobox-icon-above-title uagb-infobox-image-valign-top\"><div class=\"uagb-ifb-content\"><div class=\"uagb-ifb-title-wrap\"><p class=\"uagb-ifb-title-prefix\">02<\/p><h2 class=\"uagb-ifb-title\">Integral Logistics<\/h2><\/div><p class=\"uagb-ifb-desc\">Our integrated logistics services range from transport planning to shipment tracking, ensuring an efficient and personalised supply chain for companies and individuals.<\/p><\/div><\/div>\n<\/div>\n\n\n\n<div class=\"wp-block-uagb-container uagb-block-948e30c7\">\n<div class=\"wp-block-uagb-image alignleft uagb-block-a936ccb9 wp-block-uagb-image--layout-default wp-block-uagb-image--effect-static wp-block-uagb-image--align-left\"><figure class=\"wp-block-uagb-image__figure\"><img loading=\"lazy\" decoding=\"async\" srcset=\"https:\/\/transporteslopezortega.com\/wp-content\/uploads\/2025\/10\/pexels-photo-164634.jpeg ,https:\/\/transporteslopezortega.com\/wp-content\/uploads\/2025\/10\/pexels-photo-164634.jpeg 780w, https:\/\/transporteslopezortega.com\/wp-content\/uploads\/2025\/10\/pexels-photo-164634.jpeg 360w\" sizes=\"auto, (max-width: 480px) 150px\" src=\"https:\/\/transporteslopezortega.com\/wp-content\/uploads\/2025\/10\/pexels-photo-164634.jpeg\" alt=\"\" class=\"uag-image-28\" width=\"200\" height=\"150\" title=\"services-05\" role=\"img\"\/><\/figure><\/div>\n<\/div>\n<\/div><\/div>\n\n\n\n<div class=\"wp-block-uagb-container uagb-block-427e3d80 alignfull uagb-is-root-container\"><div class=\"uagb-container-inner-blocks-wrap\">\n<div class=\"wp-block-uagb-container uagb-block-c3a1ca4e\">\n<div class=\"wp-block-uagb-image alignright uagb-block-a6c3f1d7 wp-block-uagb-image--layout-default wp-block-uagb-image--effect-static wp-block-uagb-image--align-right\"><figure class=\"wp-block-uagb-image__figure\"><img loading=\"lazy\" decoding=\"async\" srcset=\"https:\/\/transporteslopezortega.com\/wp-content\/uploads\/2025\/10\/pexels-photo-33906403.jpeg ,https:\/\/transporteslopezortega.com\/wp-content\/uploads\/2025\/10\/pexels-photo-33906403.jpeg 780w, https:\/\/transporteslopezortega.com\/wp-content\/uploads\/2025\/10\/pexels-photo-33906403.jpeg 360w\" sizes=\"auto, (max-width: 480px) 150px\" src=\"https:\/\/transporteslopezortega.com\/wp-content\/uploads\/2025\/10\/pexels-photo-33906403.jpeg\" alt=\"\" class=\"uag-image-30\" width=\"200\" height=\"150\" title=\"services-09\" role=\"img\"\/><\/figure><\/div>\n<\/div>\n\n\n\n<div class=\"wp-block-uagb-container uagb-block-05200bfc\">\n<div class=\"wp-block-uagb-info-box uagb-block-3050a6aa uagb-infobox__content-wrap  uagb-infobox-icon-above-title uagb-infobox-image-valign-top\"><div class=\"uagb-ifb-content\"><div class=\"uagb-ifb-title-wrap\"><p class=\"uagb-ifb-title-prefix\">03<\/p><h2 class=\"uagb-ifb-title\">Specialised Transport<\/h2><\/div><p class=\"uagb-ifb-desc\">We offer specialised transport services for fragile or high-value goods, guaranteeing maximum protection during transport and professional handling from start to finish.<\/p><\/div><\/div>\n<\/div>\n<\/div><\/div>\n\n\n\n<div class=\"wp-block-uagb-container uagb-block-fed8d4c1 alignfull uagb-is-root-container\"><div class=\"uagb-container-inner-blocks-wrap\">\n<div class=\"wp-block-uagb-container uagb-block-994dc640\">\n<div class=\"wp-block-uagb-info-box uagb-block-f1c692a0 uagb-infobox__content-wrap  uagb-infobox-icon-above-title uagb-infobox-image-valign-top\"><div class=\"uagb-ifb-content\"><div class=\"uagb-ifb-title-wrap\"><p class=\"uagb-ifb-title-prefix\">04<\/p><h2 class=\"uagb-ifb-title\">Urgent Transport<\/h2><\/div><p class=\"uagb-ifb-desc\">We offer an urgent transport service for those goods that need to reach their destination immediately, ensuring speed and effectiveness in each delivery.<\/p><\/div><\/div>\n<\/div>\n\n\n\n<div class=\"wp-block-uagb-container uagb-block-1a028749\">\n<div class=\"wp-block-uagb-image alignleft uagb-block-ac037292 wp-block-uagb-image--layout-default wp-block-uagb-image--effect-static wp-block-uagb-image--align-left\"><figure class=\"wp-block-uagb-image__figure\"><img loading=\"lazy\" decoding=\"async\" srcset=\"https:\/\/transporteslopezortega.com\/wp-content\/uploads\/2025\/10\/pexels-photo-34299329.jpeg ,https:\/\/transporteslopezortega.com\/wp-content\/uploads\/2025\/10\/pexels-photo-34299329.jpeg 780w, https:\/\/transporteslopezortega.com\/wp-content\/uploads\/2025\/10\/pexels-photo-34299329.jpeg 360w\" sizes=\"auto, (max-width: 480px) 150px\" src=\"https:\/\/transporteslopezortega.com\/wp-content\/uploads\/2025\/10\/pexels-photo-34299329.jpeg\" alt=\"\" class=\"uag-image-32\" width=\"200\" height=\"150\" title=\"services-10\" role=\"img\"\/><\/figure><\/div>\n<\/div>\n<\/div><\/div>\n\n\n\n<div class=\"wp-block-uagb-container uagb-block-2e144a4a alignfull uagb-is-root-container\"><div class=\"uagb-container-inner-blocks-wrap\">\n<div class=\"wp-block-uagb-info-box uagb-block-d62177b8 uagb-infobox__content-wrap  uagb-infobox-icon-above-title uagb-infobox-image-valign-top\"><div class=\"uagb-ifb-content\"><div class=\"uagb-ifb-title-wrap\"><p class=\"uagb-ifb-title-prefix\">Contact us for more information<\/p><h2 class=\"uagb-ifb-title\">Get Your Transport Quote Now!<\/h2><\/div><p class=\"uagb-ifb-desc\">Our team is ready to help you. Fill in the form and we will get back to you quickly.<\/p><div class=\"uagb-ifb-button-wrapper wp-block-button\"><a href=\"\/en\/contact\/\" class=\"uagb-infobox-cta-link wp-block-button__link\" target=\"_self\" rel=\"noopener noreferrer\" onclick=\"return true;\"><span class=\"uagb-inline-editing\">Request a quote<\/span><\/a><\/div><\/div><\/div>\n<\/div><\/div>","protected":false},"excerpt":{"rendered":"<p>Servicios Transporte de mercanc\u00edas a tu medida<\/p>","protected":false},"author":1,"featured_media":0,"parent":0,"menu_order":0,"comment_status":"closed","ping_status":"closed","template":"","meta":{"_uag_custom_page_level_css":"","site-sidebar-layout":"default","site-content-layout":"","ast-site-content-layout":"default","site-content-style":"default","site-sidebar-style":"default","ast-global-header-display":"","ast-banner-title-visibility":"","ast-main-header-display":"","ast-hfb-above-header-display":"","ast-hfb-below-header-display":"","ast-hfb-mobile-header-display":"","site-post-title":"disabled","ast-breadcrumbs-content":"","ast-featured-img":"","footer-sml-layout":"","theme-transparent-header-meta":"","adv-header-id-meta":"","stick-header-meta":"","header-above-stick-meta":"","header-main-stick-meta":"","header-below-stick-meta":"","astra-migrate-meta-layouts":"default","ast-page-background-enabled":"default","ast-page-background-meta":{"desktop":{"background-color":"var(--ast-global-color-4)","background-image":"","background-repeat":"repeat","background-position":"center center","background-size":"auto","background-attachment":"scroll","background-type":"","background-media":"","overlay-type":"","overlay-color":"","overlay-opacity":"","overlay-gradient":""},"tablet":{"background-color":"","background-image":"","background-repeat":"repeat","background-position":"center center","background-size":"auto","background-attachment":"scroll","background-type":"","background-media":"","overlay-type":"","overlay-color":"","overlay-opacity":"","overlay-gradient":""},"mobile":{"background-color":"","background-image":"","background-repeat":"repeat","background-position":"center center","background-size":"auto","background-attachment":"scroll","background-type":"","background-media":"","overlay-type":"","overlay-color":"","overlay-opacity":"","overlay-gradient":""}},"ast-content-background-meta":{"desktop":{"background-color":"var(--ast-global-color-5)","background-image":"","background-repeat":"repeat","background-position":"center center","background-size":"auto","background-attachment":"scroll","background-type":"","background-media":"","overlay-type":"","overlay-color":"","overlay-opacity":"","overlay-gradient":""},"tablet":{"background-color":"var(--ast-global-color-5)","background-image":"","background-repeat":"repeat","background-position":"center center","background-size":"auto","background-attachment":"scroll","background-type":"","background-media":"","overlay-type":"","overlay-color":"","overlay-opacity":"","overlay-gradient":""},"mobile":{"background-color":"var(--ast-global-color-5)","background-image":"","background-repeat":"repeat","background-position":"center center","background-size":"auto","background-attachment":"scroll","background-type":"","background-media":"","overlay-type":"","overlay-color":"","overlay-opacity":"","overlay-gradient":""}},"footnotes":""},"class_list":["post-294","page","type-page","status-publish","hentry"],"yoast_head":"<!-- This site is optimized with the Yoast SEO plugin v26.1.1 - https:\/\/yoast.com\/wordpress\/plugins\/seo\/ -->\n<title>Servicios | Transportes L\u00f3pez Ortega \u2013 Transporte por carretera<\/title>\n<meta name=\"description\" content=\"Descubre los servicios de Transportes L\u00f3pez Ortega: transporte de mercanc\u00edas por carretera, log\u00edstica profesional, entregas seguras.\" \/>\n<meta name=\"robots\" content=\"index, follow, max-snippet:-1, max-image-preview:large, max-video-preview:-1\" \/>\n<link rel=\"canonical\" href=\"https:\/\/transporteslopezortega.com\/en\/servicios\/\" \/>\n<meta property=\"og:locale\" content=\"en_GB\" \/>\n<meta property=\"og:type\" content=\"article\" \/>\n<meta property=\"og:title\" content=\"Servicios | Transportes L\u00f3pez Ortega \u2013 Transporte por carretera\" \/>\n<meta property=\"og:description\" content=\"Descubre los servicios de Transportes L\u00f3pez Ortega: transporte de mercanc\u00edas por carretera, log\u00edstica profesional, entregas seguras.\" \/>\n<meta property=\"og:url\" content=\"https:\/\/transporteslopezortega.com\/en\/servicios\/\" \/>\n<meta property=\"og:site_name\" content=\"Transportes L\u00f3pez Ortega\" \/>\n<meta property=\"article:modified_time\" content=\"2025-10-15T14:13:22+00:00\" \/>\n<meta property=\"og:image\" content=\"http:\/\/transporteslopezortega.com\/wp-content\/uploads\/2025\/10\/pexels-photo-34240236.jpeg\" \/>\n<meta name=\"twitter:card\" content=\"summary_large_image\" \/>\n<meta name=\"twitter:label1\" content=\"Estimated reading time\" \/>\n\t<meta name=\"twitter:data1\" content=\"3 minutes\" \/>\n<script type=\"application\/ld+json\" class=\"yoast-schema-graph\">{\"@context\":\"https:\/\/schema.org\",\"@graph\":[{\"@type\":\"WebPage\",\"@id\":\"https:\/\/transporteslopezortega.com\/servicios\/\",\"url\":\"https:\/\/transporteslopezortega.com\/servicios\/\",\"name\":\"Servicios | Transportes L\u00f3pez Ortega \u2013 Transporte por carretera\",\"isPartOf\":{\"@id\":\"https:\/\/transporteslopezortega.com\/#website\"},\"primaryImageOfPage\":{\"@id\":\"https:\/\/transporteslopezortega.com\/servicios\/#primaryimage\"},\"image\":{\"@id\":\"https:\/\/transporteslopezortega.com\/servicios\/#primaryimage\"},\"thumbnailUrl\":\"http:\/\/transporteslopezortega.com\/wp-content\/uploads\/2025\/10\/pexels-photo-34240236.jpeg\",\"datePublished\":\"2025-10-15T13:45:34+00:00\",\"dateModified\":\"2025-10-15T14:13:22+00:00\",\"description\":\"Descubre los servicios de Transportes L\u00f3pez Ortega: transporte de mercanc\u00edas por carretera, log\u00edstica profesional, entregas seguras.\",\"breadcrumb\":{\"@id\":\"https:\/\/transporteslopezortega.com\/servicios\/#breadcrumb\"},\"inLanguage\":\"en-GB\",\"potentialAction\":[{\"@type\":\"ReadAction\",\"target\":[\"https:\/\/transporteslopezortega.com\/servicios\/\"]}]},{\"@type\":\"ImageObject\",\"inLanguage\":\"en-GB\",\"@id\":\"https:\/\/transporteslopezortega.com\/servicios\/#primaryimage\",\"url\":\"http:\/\/transporteslopezortega.com\/wp-content\/uploads\/2025\/10\/pexels-photo-34240236.jpeg\",\"contentUrl\":\"http:\/\/transporteslopezortega.com\/wp-content\/uploads\/2025\/10\/pexels-photo-34240236.jpeg\"},{\"@type\":\"BreadcrumbList\",\"@id\":\"https:\/\/transporteslopezortega.com\/servicios\/#breadcrumb\",\"itemListElement\":[{\"@type\":\"ListItem\",\"position\":1,\"name\":\"Portada\",\"item\":\"https:\/\/transporteslopezortega.com\/\"},{\"@type\":\"ListItem\",\"position\":2,\"name\":\"Servicios\"}]},{\"@type\":\"WebSite\",\"@id\":\"https:\/\/transporteslopezortega.com\/#website\",\"url\":\"https:\/\/transporteslopezortega.com\/\",\"name\":\"Transportes L\u00f3pez Ortega\",\"description\":\"\",\"publisher\":{\"@id\":\"https:\/\/transporteslopezortega.com\/#organization\"},\"potentialAction\":[{\"@type\":\"SearchAction\",\"target\":{\"@type\":\"EntryPoint\",\"urlTemplate\":\"https:\/\/transporteslopezortega.com\/?s={search_term_string}\"},\"query-input\":{\"@type\":\"PropertyValueSpecification\",\"valueRequired\":true,\"valueName\":\"search_term_string\"}}],\"inLanguage\":\"en-GB\"},{\"@type\":\"Organization\",\"@id\":\"https:\/\/transporteslopezortega.com\/#organization\",\"name\":\"Transportes L\u00f3pez Ortega\",\"url\":\"https:\/\/transporteslopezortega.com\/\",\"logo\":{\"@type\":\"ImageObject\",\"inLanguage\":\"en-GB\",\"@id\":\"https:\/\/transporteslopezortega.com\/#\/schema\/logo\/image\/\",\"url\":\"https:\/\/transporteslopezortega.com\/wp-content\/uploads\/2025\/10\/logo-lopez-ortega.png\",\"contentUrl\":\"https:\/\/transporteslopezortega.com\/wp-content\/uploads\/2025\/10\/logo-lopez-ortega.png\",\"width\":1024,\"height\":600,\"caption\":\"Transportes L\u00f3pez Ortega\"},\"image\":{\"@id\":\"https:\/\/transporteslopezortega.com\/#\/schema\/logo\/image\/\"}}]}<\/script>\n<!-- \/ Yoast SEO plugin. -->","yoast_head_json":{"title":"Servicios | Transportes L\u00f3pez Ortega \u2013 Transporte por carretera","description":"Descubre los servicios de Transportes L\u00f3pez Ortega: transporte de mercanc\u00edas por carretera, log\u00edstica profesional, entregas seguras.","robots":{"index":"index","follow":"follow","max-snippet":"max-snippet:-1","max-image-preview":"max-image-preview:large","max-video-preview":"max-video-preview:-1"},"canonical":"https:\/\/transporteslopezortega.com\/en\/servicios\/","og_locale":"en_GB","og_type":"article","og_title":"Servicios | Transportes L\u00f3pez Ortega \u2013 Transporte por carretera","og_description":"Descubre los servicios de Transportes L\u00f3pez Ortega: transporte de mercanc\u00edas por carretera, log\u00edstica profesional, entregas seguras.","og_url":"https:\/\/transporteslopezortega.com\/en\/servicios\/","og_site_name":"Transportes L\u00f3pez Ortega","article_modified_time":"2025-10-15T14:13:22+00:00","og_image":[{"url":"http:\/\/transporteslopezortega.com\/wp-content\/uploads\/2025\/10\/pexels-photo-34240236.jpeg","type":"","width":"","height":""}],"twitter_card":"summary_large_image","twitter_misc":{"Estimated reading time":"3 minutes"},"schema":{"@context":"https:\/\/schema.org","@graph":[{"@type":"WebPage","@id":"https:\/\/transporteslopezortega.com\/servicios\/","url":"https:\/\/transporteslopezortega.com\/servicios\/","name":"Servicios | Transportes L\u00f3pez Ortega \u2013 Transporte por carretera","isPartOf":{"@id":"https:\/\/transporteslopezortega.com\/#website"},"primaryImageOfPage":{"@id":"https:\/\/transporteslopezortega.com\/servicios\/#primaryimage"},"image":{"@id":"https:\/\/transporteslopezortega.com\/servicios\/#primaryimage"},"thumbnailUrl":"http:\/\/transporteslopezortega.com\/wp-content\/uploads\/2025\/10\/pexels-photo-34240236.jpeg","datePublished":"2025-10-15T13:45:34+00:00","dateModified":"2025-10-15T14:13:22+00:00","description":"Descubre los servicios de Transportes L\u00f3pez Ortega: transporte de mercanc\u00edas por carretera, log\u00edstica profesional, entregas seguras.","breadcrumb":{"@id":"https:\/\/transporteslopezortega.com\/servicios\/#breadcrumb"},"inLanguage":"en-GB","potentialAction":[{"@type":"ReadAction","target":["https:\/\/transporteslopezortega.com\/servicios\/"]}]},{"@type":"ImageObject","inLanguage":"en-GB","@id":"https:\/\/transporteslopezortega.com\/servicios\/#primaryimage","url":"http:\/\/transporteslopezortega.com\/wp-content\/uploads\/2025\/10\/pexels-photo-34240236.jpeg","contentUrl":"http:\/\/transporteslopezortega.com\/wp-content\/uploads\/2025\/10\/pexels-photo-34240236.jpeg"},{"@type":"BreadcrumbList","@id":"https:\/\/transporteslopezortega.com\/servicios\/#breadcrumb","itemListElement":[{"@type":"ListItem","position":1,"name":"Portada","item":"https:\/\/transporteslopezortega.com\/"},{"@type":"ListItem","position":2,"name":"Servicios"}]},{"@type":"WebSite","@id":"https:\/\/transporteslopezortega.com\/#website","url":"https:\/\/transporteslopezortega.com\/","name":"Transportes L\u00f3pez Ortega","description":"","publisher":{"@id":"https:\/\/transporteslopezortega.com\/#organization"},"potentialAction":[{"@type":"SearchAction","target":{"@type":"EntryPoint","urlTemplate":"https:\/\/transporteslopezortega.com\/?s={search_term_string}"},"query-input":{"@type":"PropertyValueSpecification","valueRequired":true,"valueName":"search_term_string"}}],"inLanguage":"en-GB"},{"@type":"Organization","@id":"https:\/\/transporteslopezortega.com\/#organization","name":"Transportes L\u00f3pez Ortega","url":"https:\/\/transporteslopezortega.com\/","logo":{"@type":"ImageObject","inLanguage":"en-GB","@id":"https:\/\/transporteslopezortega.com\/#\/schema\/logo\/image\/","url":"https:\/\/transporteslopezortega.com\/wp-content\/uploads\/2025\/10\/logo-lopez-ortega.png","contentUrl":"https:\/\/transporteslopezortega.com\/wp-content\/uploads\/2025\/10\/logo-lopez-ortega.png","width":1024,"height":600,"caption":"Transportes L\u00f3pez Ortega"},"image":{"@id":"https:\/\/transporteslopezortega.com\/#\/schema\/logo\/image\/"}}]}},"uagb_featured_image_src":{"full":false,"thumbnail":false,"medium":false,"medium_large":false,"large":false,"1536x1536":false,"2048x2048":false,"trp-custom-language-flag":false},"uagb_author_info":{"display_name":"Manuel L\u00f3pez Ortega- CIF: 38836170A","author_link":"https:\/\/transporteslopezortega.com\/en\/author\/transporteslopezortega\/"},"uagb_comment_info":0,"uagb_excerpt":"Servicios Transporte de mercanc\u00edas a tu medida","_links":{"self":[{"href":"https:\/\/transporteslopezortega.com\/en\/wp-json\/wp\/v2\/pages\/294","targetHints":{"allow":["GET"]}}],"collection":[{"href":"https:\/\/transporteslopezortega.com\/en\/wp-json\/wp\/v2\/pages"}],"about":[{"href":"https:\/\/transporteslopezortega.com\/en\/wp-json\/wp\/v2\/types\/page"}],"author":[{"embeddable":true,"href":"https:\/\/transporteslopezortega.com\/en\/wp-json\/wp\/v2\/users\/1"}],"replies":[{"embeddable":true,"href":"https:\/\/transporteslopezortega.com\/en\/wp-json\/wp\/v2\/comments?post=294"}],"version-history":[{"count":4,"href":"https:\/\/transporteslopezortega.com\/en\/wp-json\/wp\/v2\/pages\/294\/revisions"}],"predecessor-version":[{"id":1093,"href":"https:\/\/transporteslopezortega.com\/en\/wp-json\/wp\/v2\/pages\/294\/revisions\/1093"}],"wp:attachment":[{"href":"https:\/\/transporteslopezortega.com\/en\/wp-json\/wp\/v2\/media?parent=294"}],"curies":[{"name":"wp","href":"https:\/\/api.w.org\/{rel}","templated":true}]}}