{"id":1077,"date":"2025-10-15T13:56:17","date_gmt":"2025-10-15T13:56:17","guid":{"rendered":"https:\/\/transporteslopezortega.com\/?page_id=1077"},"modified":"2025-10-15T13:56:17","modified_gmt":"2025-10-15T13:56:17","slug":"politica-de-cookies","status":"publish","type":"page","link":"https:\/\/transporteslopezortega.com\/en\/politica-de-cookies\/","title":{"rendered":"Cookie Policy"},"content":{"rendered":"<p>This website uses cookies to improve the user experience. Below are details of what cookies are, what types of cookies this website uses and how they can be managed by the user.<\/p>\n\n\n\n<p><strong>1. What are cookies?<\/strong>&nbsp;Cookies are small text files that are stored on a user's device when they visit a website. Their function is to improve the user experience, remember preferences and provide information to the website owner about how the website is used.<\/p>\n\n\n\n<p><strong>2. Types of cookies used<\/strong>&nbsp;This website uses the following types of cookies:<\/p>\n\n\n\n<ul class=\"wp-block-list\">\n<li><strong>Technical cookies:<\/strong>\u00a0Necessary for the correct functioning of the website.<\/li>\n\n\n\n<li><strong>Analysis cookies:<\/strong>\u00a0They allow us to analyse the behaviour of users on the website and improve their experience.<\/li>\n\n\n\n<li><strong>Third-party cookies:<\/strong>\u00a0They can be used by external services integrated in the website.<\/li>\n<\/ul>\n\n\n\n<p><strong>3. Cookie management<\/strong>&nbsp;You can configure your browser to accept, reject or delete cookies at any time. For more information on how to manage cookies in your browser, please consult your browser's documentation.<\/p>\n\n\n\n<p>By continuing to browse this website, you are agreeing to our use of cookies in accordance with this policy.<\/p>\n\n\n\n<p><\/p>\n\n\n\n<p><\/p>","protected":false},"excerpt":{"rendered":"<p>Este sitio web utiliza cookies para mejorar la experiencia del usuario. A continuaci\u00f3n, se detallan qu\u00e9 son las cookies, qu\u00e9 [&hellip;]<\/p>","protected":false},"author":1,"featured_media":0,"parent":0,"menu_order":0,"comment_status":"closed","ping_status":"closed","template":"","meta":{"_uag_custom_page_level_css":"","site-sidebar-layout":"default","site-content-layout":"","ast-site-content-layout":"default","site-content-style":"default","site-sidebar-style":"default","ast-global-header-display":"","ast-banner-title-visibility":"","ast-main-header-display":"","ast-hfb-above-header-display":"","ast-hfb-below-header-display":"","ast-hfb-mobile-header-display":"","site-post-title":"","ast-breadcrumbs-content":"","ast-featured-img":"","footer-sml-layout":"","theme-transparent-header-meta":"","adv-header-id-meta":"","stick-header-meta":"","header-above-stick-meta":"","header-main-stick-meta":"","header-below-stick-meta":"","astra-migrate-meta-layouts":"default","ast-page-background-enabled":"default","ast-page-background-meta":{"desktop":{"background-color":"var(--ast-global-color-4)","background-image":"","background-repeat":"repeat","background-position":"center center","background-size":"auto","background-attachment":"scroll","background-type":"","background-media":"","overlay-type":"","overlay-color":"","overlay-opacity":"","overlay-gradient":""},"tablet":{"background-color":"","background-image":"","background-repeat":"repeat","background-position":"center center","background-size":"auto","background-attachment":"scroll","background-type":"","background-media":"","overlay-type":"","overlay-color":"","overlay-opacity":"","overlay-gradient":""},"mobile":{"background-color":"","background-image":"","background-repeat":"repeat","background-position":"center center","background-size":"auto","background-attachment":"scroll","background-type":"","background-media":"","overlay-type":"","overlay-color":"","overlay-opacity":"","overlay-gradient":""}},"ast-content-background-meta":{"desktop":{"background-color":"var(--ast-global-color-5)","background-image":"","background-repeat":"repeat","background-position":"center center","background-size":"auto","background-attachment":"scroll","background-type":"","background-media":"","overlay-type":"","overlay-color":"","overlay-opacity":"","overlay-gradient":""},"tablet":{"background-color":"var(--ast-global-color-5)","background-image":"","background-repeat":"repeat","background-position":"center center","background-size":"auto","background-attachment":"scroll","background-type":"","background-media":"","overlay-type":"","overlay-color":"","overlay-opacity":"","overlay-gradient":""},"mobile":{"background-color":"var(--ast-global-color-5)","background-image":"","background-repeat":"repeat","background-position":"center center","background-size":"auto","background-attachment":"scroll","background-type":"","background-media":"","overlay-type":"","overlay-color":"","overlay-opacity":"","overlay-gradient":""}},"footnotes":""},"class_list":["post-1077","page","type-page","status-publish","hentry"],"yoast_head":"<!-- This site is optimized with the Yoast SEO plugin v26.1.1 - https:\/\/yoast.com\/wordpress\/plugins\/seo\/ -->\n<title>Pol\u00edtica de Cookies - Transportes L\u00f3pez Ortega<\/title>\n<meta name=\"robots\" content=\"index, follow, max-snippet:-1, max-image-preview:large, max-video-preview:-1\" \/>\n<link rel=\"canonical\" href=\"https:\/\/transporteslopezortega.com\/en\/politica-de-cookies\/\" \/>\n<meta property=\"og:locale\" content=\"en_GB\" \/>\n<meta property=\"og:type\" content=\"article\" \/>\n<meta property=\"og:title\" content=\"Pol\u00edtica de Cookies - Transportes L\u00f3pez Ortega\" \/>\n<meta property=\"og:description\" content=\"Este sitio web utiliza cookies para mejorar la experiencia del usuario. A continuaci\u00f3n, se detallan qu\u00e9 son las cookies, qu\u00e9 [&hellip;]\" \/>\n<meta property=\"og:url\" content=\"https:\/\/transporteslopezortega.com\/en\/politica-de-cookies\/\" \/>\n<meta property=\"og:site_name\" content=\"Transportes L\u00f3pez Ortega\" \/>\n<meta name=\"twitter:card\" content=\"summary_large_image\" \/>\n<meta name=\"twitter:label1\" content=\"Estimated reading time\" \/>\n\t<meta name=\"twitter:data1\" content=\"1 minute\" \/>\n<script type=\"application\/ld+json\" class=\"yoast-schema-graph\">{\"@context\":\"https:\/\/schema.org\",\"@graph\":[{\"@type\":\"WebPage\",\"@id\":\"https:\/\/transporteslopezortega.com\/politica-de-cookies\/\",\"url\":\"https:\/\/transporteslopezortega.com\/politica-de-cookies\/\",\"name\":\"Pol\u00edtica de Cookies - Transportes L\u00f3pez Ortega\",\"isPartOf\":{\"@id\":\"https:\/\/transporteslopezortega.com\/#website\"},\"datePublished\":\"2025-10-15T13:56:17+00:00\",\"breadcrumb\":{\"@id\":\"https:\/\/transporteslopezortega.com\/politica-de-cookies\/#breadcrumb\"},\"inLanguage\":\"en-GB\",\"potentialAction\":[{\"@type\":\"ReadAction\",\"target\":[\"https:\/\/transporteslopezortega.com\/politica-de-cookies\/\"]}]},{\"@type\":\"BreadcrumbList\",\"@id\":\"https:\/\/transporteslopezortega.com\/politica-de-cookies\/#breadcrumb\",\"itemListElement\":[{\"@type\":\"ListItem\",\"position\":1,\"name\":\"Portada\",\"item\":\"https:\/\/transporteslopezortega.com\/\"},{\"@type\":\"ListItem\",\"position\":2,\"name\":\"Pol\u00edtica de Cookies\"}]},{\"@type\":\"WebSite\",\"@id\":\"https:\/\/transporteslopezortega.com\/#website\",\"url\":\"https:\/\/transporteslopezortega.com\/\",\"name\":\"Transportes L\u00f3pez Ortega\",\"description\":\"\",\"publisher\":{\"@id\":\"https:\/\/transporteslopezortega.com\/#organization\"},\"potentialAction\":[{\"@type\":\"SearchAction\",\"target\":{\"@type\":\"EntryPoint\",\"urlTemplate\":\"https:\/\/transporteslopezortega.com\/?s={search_term_string}\"},\"query-input\":{\"@type\":\"PropertyValueSpecification\",\"valueRequired\":true,\"valueName\":\"search_term_string\"}}],\"inLanguage\":\"en-GB\"},{\"@type\":\"Organization\",\"@id\":\"https:\/\/transporteslopezortega.com\/#organization\",\"name\":\"Transportes L\u00f3pez Ortega\",\"url\":\"https:\/\/transporteslopezortega.com\/\",\"logo\":{\"@type\":\"ImageObject\",\"inLanguage\":\"en-GB\",\"@id\":\"https:\/\/transporteslopezortega.com\/#\/schema\/logo\/image\/\",\"url\":\"https:\/\/transporteslopezortega.com\/wp-content\/uploads\/2025\/10\/logo-lopez-ortega.png\",\"contentUrl\":\"https:\/\/transporteslopezortega.com\/wp-content\/uploads\/2025\/10\/logo-lopez-ortega.png\",\"width\":1024,\"height\":600,\"caption\":\"Transportes L\u00f3pez Ortega\"},\"image\":{\"@id\":\"https:\/\/transporteslopezortega.com\/#\/schema\/logo\/image\/\"}}]}<\/script>\n<!-- \/ Yoast SEO plugin. -->","yoast_head_json":{"title":"Pol\u00edtica de Cookies - Transportes L\u00f3pez Ortega","robots":{"index":"index","follow":"follow","max-snippet":"max-snippet:-1","max-image-preview":"max-image-preview:large","max-video-preview":"max-video-preview:-1"},"canonical":"https:\/\/transporteslopezortega.com\/en\/politica-de-cookies\/","og_locale":"en_GB","og_type":"article","og_title":"Pol\u00edtica de Cookies - Transportes L\u00f3pez Ortega","og_description":"Este sitio web utiliza cookies para mejorar la experiencia del usuario. A continuaci\u00f3n, se detallan qu\u00e9 son las cookies, qu\u00e9 [&hellip;]","og_url":"https:\/\/transporteslopezortega.com\/en\/politica-de-cookies\/","og_site_name":"Transportes L\u00f3pez Ortega","twitter_card":"summary_large_image","twitter_misc":{"Estimated reading time":"1 minute"},"schema":{"@context":"https:\/\/schema.org","@graph":[{"@type":"WebPage","@id":"https:\/\/transporteslopezortega.com\/politica-de-cookies\/","url":"https:\/\/transporteslopezortega.com\/politica-de-cookies\/","name":"Pol\u00edtica de Cookies - Transportes L\u00f3pez Ortega","isPartOf":{"@id":"https:\/\/transporteslopezortega.com\/#website"},"datePublished":"2025-10-15T13:56:17+00:00","breadcrumb":{"@id":"https:\/\/transporteslopezortega.com\/politica-de-cookies\/#breadcrumb"},"inLanguage":"en-GB","potentialAction":[{"@type":"ReadAction","target":["https:\/\/transporteslopezortega.com\/politica-de-cookies\/"]}]},{"@type":"BreadcrumbList","@id":"https:\/\/transporteslopezortega.com\/politica-de-cookies\/#breadcrumb","itemListElement":[{"@type":"ListItem","position":1,"name":"Portada","item":"https:\/\/transporteslopezortega.com\/"},{"@type":"ListItem","position":2,"name":"Pol\u00edtica de Cookies"}]},{"@type":"WebSite","@id":"https:\/\/transporteslopezortega.com\/#website","url":"https:\/\/transporteslopezortega.com\/","name":"Transportes L\u00f3pez Ortega","description":"","publisher":{"@id":"https:\/\/transporteslopezortega.com\/#organization"},"potentialAction":[{"@type":"SearchAction","target":{"@type":"EntryPoint","urlTemplate":"https:\/\/transporteslopezortega.com\/?s={search_term_string}"},"query-input":{"@type":"PropertyValueSpecification","valueRequired":true,"valueName":"search_term_string"}}],"inLanguage":"en-GB"},{"@type":"Organization","@id":"https:\/\/transporteslopezortega.com\/#organization","name":"Transportes L\u00f3pez Ortega","url":"https:\/\/transporteslopezortega.com\/","logo":{"@type":"ImageObject","inLanguage":"en-GB","@id":"https:\/\/transporteslopezortega.com\/#\/schema\/logo\/image\/","url":"https:\/\/transporteslopezortega.com\/wp-content\/uploads\/2025\/10\/logo-lopez-ortega.png","contentUrl":"https:\/\/transporteslopezortega.com\/wp-content\/uploads\/2025\/10\/logo-lopez-ortega.png","width":1024,"height":600,"caption":"Transportes L\u00f3pez Ortega"},"image":{"@id":"https:\/\/transporteslopezortega.com\/#\/schema\/logo\/image\/"}}]}},"uagb_featured_image_src":{"full":false,"thumbnail":false,"medium":false,"medium_large":false,"large":false,"1536x1536":false,"2048x2048":false,"trp-custom-language-flag":false},"uagb_author_info":{"display_name":"Manuel L\u00f3pez Ortega- CIF: 38836170A","author_link":"https:\/\/transporteslopezortega.com\/en\/author\/transporteslopezortega\/"},"uagb_comment_info":0,"uagb_excerpt":"Este sitio web utiliza cookies para mejorar la experiencia del usuario. A continuaci\u00f3n, se detallan qu\u00e9 son las cookies, qu\u00e9 [&hellip;]","_links":{"self":[{"href":"https:\/\/transporteslopezortega.com\/en\/wp-json\/wp\/v2\/pages\/1077","targetHints":{"allow":["GET"]}}],"collection":[{"href":"https:\/\/transporteslopezortega.com\/en\/wp-json\/wp\/v2\/pages"}],"about":[{"href":"https:\/\/transporteslopezortega.com\/en\/wp-json\/wp\/v2\/types\/page"}],"author":[{"embeddable":true,"href":"https:\/\/transporteslopezortega.com\/en\/wp-json\/wp\/v2\/users\/1"}],"replies":[{"embeddable":true,"href":"https:\/\/transporteslopezortega.com\/en\/wp-json\/wp\/v2\/comments?post=1077"}],"version-history":[{"count":1,"href":"https:\/\/transporteslopezortega.com\/en\/wp-json\/wp\/v2\/pages\/1077\/revisions"}],"predecessor-version":[{"id":1078,"href":"https:\/\/transporteslopezortega.com\/en\/wp-json\/wp\/v2\/pages\/1077\/revisions\/1078"}],"wp:attachment":[{"href":"https:\/\/transporteslopezortega.com\/en\/wp-json\/wp\/v2\/media?parent=1077"}],"curies":[{"name":"wp","href":"https:\/\/api.w.org\/{rel}","templated":true}]}}